{"id":18,"date":"2018-11-26T10:35:34","date_gmt":"2018-11-26T10:35:34","guid":{"rendered":"https:\/\/www.lunadevidri.com\/buy\/"},"modified":"2018-12-06T06:17:38","modified_gmt":"2018-12-06T06:17:38","slug":"buy","status":"publish","type":"page","link":"https:\/\/www.lunadevidri.com\/es\/buy\/","title":{"rendered":"Haga su Pedido"},"content":{"rendered":"\n<h2>LUNA DE VIDRIO SOBRE IM\u00c1GENES DE ARENA<br \/>\nUNA PO\u00c9TICA BREVE 1989-2004<br \/>\nEdel Romay<\/h2>\n<p><strong><u>HAGA SU PEDIDO<\/u><\/strong><\/p>\n<p align=\"center\">Un compendio de emociones, im\u00e1genes, expresiones y sentimientos que el autor Edel Romay ha reunido en este libro \u00fanico para ofrecerle una lectura entretenida, adictiva y en ocasiones impactante.<\/p>\n<p align=\"center\"><img loading=\"lazy\" decoding=\"async\" class=\"alignnone size-full wp-image-53\" src=\"https:\/\/www.lunadevidri.com\/wp-content\/uploads\/2018\/11\/3d2.png\" alt=\"\" width=\"157\" height=\"180\" data-id=\"53\" \/><\/p>\n<p align=\"center\"><a class=\"medium-btn normal-btn\" target=\"_blank\" href=\"https:\/\/www.amazon.it\/Luna-Vidrio-Sobre-Imagenes-Arena\/dp\/1463301383\"><span class=\"red-btn\">ORDENE AHORA<\/span><\/a><\/p>\n<p align=\"center\"><strong><u>Luna de Vidrio sobre Im\u00e1genes de Arena. Colecci\u00f3n de Narrativa Breve * por Edel Romay<\/u><\/strong><u> <\/u><br \/>\nTapa Blanda a Color; $23.95; 92 p\u00e1ginas; ISBN 9781463301385<\/p>\n<p align=\"center\">\n<hr class=\"divider-full\" \/>\n<p align=\"center\">Una obra inspirada por grandes fil\u00f3sofos, poetas y cient\u00edficos. Poes\u00eda mezclada con prosa, ciencia, matem\u00e1ticas, l\u00f3gica\u2026 un libro que le har\u00e1 reflexionar sobre las cosas m\u00e1s peque\u00f1as y las m\u00e1s abrumadoras del Universo.<\/p>\n<p align=\"center\"><img loading=\"lazy\" decoding=\"async\" class=\"alignnone size-full wp-image-55\" src=\"https:\/\/www.lunadevidri.com\/wp-content\/uploads\/2018\/11\/3d.png\" alt=\"\" width=\"157\" height=\"180\" data-id=\"55\" \/><\/p>\n<p align=\"center\"><a class=\"medium-btn normal-btn\" target=\"_blank\" href=\"https:\/\/www.amazon.it\/Po%C3%A9tica-Breve-1989-2004-Edel-Romay\/dp\/1463318391\/ref=asap_bc?ie=UTF8\"><span class=\"red-btn\">ORDENE AHORA<\/span><\/a><\/p>\n<p align=\"center\"><strong><u>Una Po\u00e9tica Breve 1989-2004<\/u><\/strong><strong><u>* por Edel Romay<\/u><\/strong><u> <\/u><br \/>\nTapa Blanda a Color; $38.95; 120 p\u00e1ginas; ISBN 9781463318390<\/p>\n<p align=\"center\">\n<hr class=\"divider-full\" \/>\n<p align=\"center\">Take a closer look into the relationship within the brain and the cosmos, the word with being, reality with time.<\/p>\n<p align=\"center\"><img loading=\"lazy\" decoding=\"async\" class=\"alignnone size-full wp-image-56\" src=\"https:\/\/www.lunadevidri.com\/wp-content\/uploads\/2018\/11\/3d4.png\" alt=\"\" width=\"157\" height=\"180\" data-id=\"56\" \/><\/p>\n<p align=\"center\"><a class=\"medium-btn normal-btn\" target=\"_blank\" href=\"https:\/\/www.amazon.it\/Brief-Poesy-1989-2004-English-ebook\/dp\/B0792P2TJ6\/ref=asap_bc?ie=UTF8\"><span class=\"red-btn\">ORDENE AHORA<\/span><\/a><\/p>\n<p align=\"center\"><strong><u>A Brief Poesy, 1989-2004<\/u><\/strong><strong><u>* by Edel Romay<\/u><\/strong><u> <\/u><br \/>\n<strong>ISBN 13 (SOFT): 9781463361501<br \/>\nISBN 13 (eBook): 9781463361518<\/strong><\/p>\n","protected":false},"excerpt":{"rendered":"<p>LUNA DE VIDRIO SOBRE IM\u00c1GENES DE ARENA UNA PO\u00c9TICA BREVE 1989-2004 Edel Romay HAGA SU PEDIDO Un compendio de emociones, im\u00e1genes, expresiones y sentimientos que el autor Edel Romay ha reunido en este libro \u00fanico para ofrecerle una lectura entretenida, adictiva y en ocasiones impactante. Luna de Vidrio sobre Im\u00e1genes de Arena. Colecci\u00f3n de Narrativa Breve * por Edel Romay Tapa Blanda a Color; $23.95; 92 p\u00e1ginas; ISBN 9781463301385 Una obra inspirada por grandes fil\u00f3sofos, poetas y cient\u00edficos. Poes\u00eda mezclada&#8230;..<\/p>\n","protected":false},"author":1,"featured_media":0,"parent":0,"menu_order":11,"comment_status":"closed","ping_status":"closed","template":"page-left-sidebar.php","meta":{"footnotes":""},"class_list":["post-18","page","type-page","status-publish","hentry"],"translation":{"provider":"WPGlobus","version":"3.0.2","language":"es","enabled_languages":["en","es"],"languages":{"en":{"title":true,"content":true,"excerpt":false},"es":{"title":true,"content":true,"excerpt":false}}},"_links":{"self":[{"href":"https:\/\/www.lunadevidri.com\/es\/wp-json\/wp\/v2\/pages\/18","targetHints":{"allow":["GET"]}}],"collection":[{"href":"https:\/\/www.lunadevidri.com\/es\/wp-json\/wp\/v2\/pages"}],"about":[{"href":"https:\/\/www.lunadevidri.com\/es\/wp-json\/wp\/v2\/types\/page"}],"author":[{"embeddable":true,"href":"https:\/\/www.lunadevidri.com\/es\/wp-json\/wp\/v2\/users\/1"}],"replies":[{"embeddable":true,"href":"https:\/\/www.lunadevidri.com\/es\/wp-json\/wp\/v2\/comments?post=18"}],"version-history":[{"count":7,"href":"https:\/\/www.lunadevidri.com\/es\/wp-json\/wp\/v2\/pages\/18\/revisions"}],"predecessor-version":[{"id":194,"href":"https:\/\/www.lunadevidri.com\/es\/wp-json\/wp\/v2\/pages\/18\/revisions\/194"}],"wp:attachment":[{"href":"https:\/\/www.lunadevidri.com\/es\/wp-json\/wp\/v2\/media?parent=18"}],"curies":[{"name":"wp","href":"https:\/\/api.w.org\/{rel}","templated":true}]}}