{"id":230,"date":"2018-12-14T15:22:50","date_gmt":"2018-12-14T15:22:50","guid":{"rendered":"https:\/\/www.lunadevidri.com\/?page_id=230"},"modified":"2022-08-19T00:42:35","modified_gmt":"2022-08-19T00:42:35","slug":"from-zero-to-zero-story","status":"publish","type":"page","link":"https:\/\/www.lunadevidri.com\/es\/from-zero-to-zero-story\/","title":{"rendered":"DE CERO A ZERO CUENTO"},"content":{"rendered":"\n<p>&nbsp;<\/p>\n<p><u><em><strong>DE CERO A ZERO, CUENTO<\/strong><\/em><\/u><u><\/u><\/p>\n<p>&nbsp;<\/p>\n<p><strong><em>De cero a zero, cuento<\/em><\/strong>\u00a0no es una simple colecci\u00f3n de narrativas, m\u00e1s bien es un intrincado tejido que nos invita a encontrar el hilo de la madeja cada vez que pasamos de un cuento a otro. Por un lado, Edel Romay nos plantea la idea de que \u00absin observador, la realidad no existe\u00bb. En otras palabras, el acto de leer es, en s\u00ed, un acto de dialogar con el autor. Por otro lado, expresa que la realidad humana (Realidad) es la frontera entre la macrorrealidad del universo (REALIDAD) y la nanorrealidad interior del \u00e1tomo (realidad). Y de una manera sutil, nos conduce a preguntarnos: \u00ab \u00bfQu\u00e9 es verdaderamente real en aquello que llamamos realidad? \u00bb. Lo cual nos hace reflexionar en la simbiosis que se produce y reproduce entre autor y lector:<\/p>\n<p>\u00ab\u2014Yo recuerdo, luego, existes \u2014me afirmaste.<br \/>\n\u00bb\u2014Yo recuerdo, luego, existo \u2014te respond\u00ed.<br \/>\n\u00bb\u2014Luego, t\u00fa y yo existimos en este instante\u00bb.<\/p>\n<p>&nbsp;<\/p>\n<hr \/>\n<p><u><em><strong>DE CERO A ZERO, CUENTO: Edici\u00f3n revisada<\/strong><\/em><\/u><u><\/u><\/p>\n<p>&nbsp;<\/p>\n<p><strong><em>De cero a zero, cuento<\/em><\/strong>\u00a0no es una simple colecci\u00f3n de narrativas, m\u00e1s bien es un intrincado tejido que nos invita a encontrar el hilo de la madeja cada vez que pasamos de un cuento a otro. Por un lado, Edel Romay nos plantea la idea de que \u00absin observador, la realidad no existe\u00bb. En otras palabras, el acto de leer es, en s\u00ed, un acto de dialogar con el autor. Por otro lado, expresa que la realidad humana (Realidad) es la frontera entre la macrorrealidad del universo (REALIDAD) y la nanorrealidad interior del \u00e1tomo (realidad). Y de una manera sutil, nos conduce a preguntarnos: \u00ab \u00bfQu\u00e9 es verdaderamente real en aquello que llamamos realidad? \u00bb. Lo cual nos hace reflexionar en la simbiosis que se produce y reproduce entre autor y lector:<\/p>\n<p>\u00ab\u2014Yo recuerdo, luego, existes \u2014me afirmaste.<br \/>\n\u00bb\u2014Yo recuerdo, luego, existo \u2014te respond\u00ed.<br \/>\n\u00bb\u2014Luego, t\u00fa y yo existimos en este instante\u00bb.<\/p>\n<p>&nbsp;<\/p>\n<hr \/>\n<p>&nbsp;<\/p>\n<p><strong>Comunicado de prensa:<\/strong><\/p>\n<p>&nbsp;<\/p>\n<p><strong>Edel Romay revela la verdadera realidad humana en nuevo libro<\/strong><\/p>\n<p><em>\u201cDe cero a zero, cuento\u201d aporta a los lectores\u00a0<\/em><em>ese ver, comprender, descubrir y conocer con m\u00e1s detenimiento la aparente secuencia de eventos que consentimos en llamar \u2018Realidad\u2019<\/em><\/p>\n<p>ALBANY, Calif. \u2013 Edel Romay presenta \u201cDe cero a zero, cuento\u201d (Palibrio, 2015), un libro inspirado en su cuestionamiento sobre la realidad establecida y qu\u00e9 es lo verdaderamente real en ella, en lecturas acerca de cosmolog\u00eda, mitolog\u00eda y f\u00edsica cu\u00e1ntica, as\u00ed como reflexiones sobre la consciencia.<\/p>\n<p>\u201cDe cero a zero, cuento\u201d se centra en el espaciotiempo cu\u00e1ntico de la memoria entre m\u00faltiples dimensiones. Explica la existencia m\u00e1gico-on\u00edrica del ser, percibida a trav\u00e9s de un brinco cu\u00e1ntico entre m\u00faltiples dimensiones; es decir, un volver a ese mundo de la imaginaci\u00f3n cu\u00e1ntica de la memoria on\u00edrica. Los hechos narrados ocurren en M\u00e9xico, los Estados Unidos, Espa\u00f1a y Sudam\u00e9rica y son protagonizados por visionarios intelectuales intentando transcender de alguna manera la realidad establecida.<\/p>\n<p><em>\u201cYa sea como poeta, pintor, narrador o aficionado a la fotograf\u00eda, Edel, nos conduce a una realidad cu\u00e1ntica de la memoria on\u00edrica.\u201d<\/em>\u00a0~ Fragmento de \u201cDe cero a zero, cuento\u201d.<\/p>\n<p>Seg\u00fan Romay, \u2018a partir de las dos \u00faltimas d\u00e9cadas del Siglo XX, la tecnolog\u00eda ha avanzado exponencialmente mientras que la civilidad humana poqu\u00edsimo o casi nada; a pesar de que tenemos mayor acceso a la comunicaci\u00f3n\u2019, \u2018las fronteras entre pa\u00edses van abri\u00e9ndose\u2019 y en su narrativa toca \u2018puntos claves como la depredaci\u00f3n que se le est\u00e1 haciendo al planeta con la tala forestal\u2019 por lo que su libro es muy relevante en la sociedad actual. Con \u201cDe cero a zero, cuento\u201d el lector reflexionar\u00e1 sobre el hecho de que somos criaturas del pasado enjauladas en un presente perpetuo y esa toma de consciencia conducir\u00e1 al lector a tomar acci\u00f3n proactivamente en su aqu\u00ed y ahora. Adem\u00e1s, cada foto, cuadro o dibujo en el dise\u00f1o del libro tiene el prop\u00f3sito de estimular la imaginaci\u00f3n del lector y su narrativa es multidimensional, cosas que lo convierten en un libro \u00fanico y de gran inter\u00e9s universal.<\/p>\n<p><em>Para m\u00e1s informaci\u00f3n sobre este libro accedan al enlace\u00a0<a href=\"http:\/\/www.palibrio.com\/\">www.Palibrio.com<\/a><\/em><\/p>\n","protected":false},"excerpt":{"rendered":"<p>&nbsp; DE CERO A ZERO, CUENTO &nbsp; De cero a zero, cuento\u00a0no es una simple colecci\u00f3n de narrativas, m\u00e1s bien es un intrincado tejido que nos invita a encontrar el hilo de la madeja cada vez que pasamos de un cuento a otro. Por un lado, Edel Romay nos plantea la idea de que \u00absin observador, la realidad no existe\u00bb. En otras palabras, el acto de leer es, en s\u00ed, un acto de dialogar con el autor. Por otro lado,&#8230;..<\/p>\n","protected":false},"author":1,"featured_media":0,"parent":0,"menu_order":0,"comment_status":"closed","ping_status":"closed","template":"page-left-sidebar.php","meta":{"footnotes":""},"class_list":["post-230","page","type-page","status-publish","hentry"],"translation":{"provider":"WPGlobus","version":"3.0.2","language":"es","enabled_languages":["en","es"],"languages":{"en":{"title":true,"content":true,"excerpt":false},"es":{"title":true,"content":true,"excerpt":false}}},"_links":{"self":[{"href":"https:\/\/www.lunadevidri.com\/es\/wp-json\/wp\/v2\/pages\/230","targetHints":{"allow":["GET"]}}],"collection":[{"href":"https:\/\/www.lunadevidri.com\/es\/wp-json\/wp\/v2\/pages"}],"about":[{"href":"https:\/\/www.lunadevidri.com\/es\/wp-json\/wp\/v2\/types\/page"}],"author":[{"embeddable":true,"href":"https:\/\/www.lunadevidri.com\/es\/wp-json\/wp\/v2\/users\/1"}],"replies":[{"embeddable":true,"href":"https:\/\/www.lunadevidri.com\/es\/wp-json\/wp\/v2\/comments?post=230"}],"version-history":[{"count":14,"href":"https:\/\/www.lunadevidri.com\/es\/wp-json\/wp\/v2\/pages\/230\/revisions"}],"predecessor-version":[{"id":542,"href":"https:\/\/www.lunadevidri.com\/es\/wp-json\/wp\/v2\/pages\/230\/revisions\/542"}],"wp:attachment":[{"href":"https:\/\/www.lunadevidri.com\/es\/wp-json\/wp\/v2\/media?parent=230"}],"curies":[{"name":"wp","href":"https:\/\/api.w.org\/{rel}","templated":true}]}}