{"id":37,"date":"2018-11-30T08:57:07","date_gmt":"2018-11-30T08:57:07","guid":{"rendered":"https:\/\/www.lunadevidri.com\/?page_id=37"},"modified":"2018-12-14T16:10:48","modified_gmt":"2018-12-14T16:10:48","slug":"a-brief-poesy-1989-2004","status":"publish","type":"page","link":"https:\/\/www.lunadevidri.com\/es\/a-brief-poesy-1989-2004\/","title":{"rendered":"UNA POETICA BREVE, 1989-2004"},"content":{"rendered":"\n<p>&nbsp;<\/p>\n<h2><span style=\"text-decoration: underline;\"><em>Una po\u00e9tica breve 1989-2004<\/em><\/span><\/h2>\n<div style=\"float: right; margin-left: 10px;\"><iframe loading=\"lazy\" src=\"https:\/\/www.youtube.com\/embed\/FmxXNBt3pEM?rel=0\" width=\"300\" height=\"300\" frameborder=\"0\" allowfullscreen=\"allowfullscreen\"><\/iframe><\/div>\n<p>Obra quenos invita a ver la relaci\u00f3n que guarda el Cerebro con el Cosmos, la Palabra con el Ser, la Realidad con el Tiempo. En pocas palabras, nos hace meditar en lo que alguna vez Martin Heidegger estableciera &#8220;El lenguaje es la casa del ser.&#8221;<\/p>\n<p>El autor propone la idea de que &#8220;sin observador, la realidad no existe\u201d, as\u00ed como conduce al di\u00e1logo interno del yo con el t\u00fa que se busca a s\u00ed mismo para construirse como un yo verdadero. Es decir, la simbiosis que existe entre lector y autor en una misma persona. T\u00fa, el otro que me crea y recrea cuando me lee; porque sin un t\u00fa no hay un yo. Y viceversa. Lo cual nos hace reflexionar en lo que el poeta Octavio Paz afirmara &#8220;Los ojos hablan, las palabras miran, las miradas piensan&#8230; &#8221;<\/p>\n<p>&nbsp;<\/p>\n<h3>Premios:<\/h3>\n<p><a title=\"\" href=\"https:\/\/www.lunadevidri.com\/wp-content\/uploads\/2018\/12\/image001.png\"><img loading=\"lazy\" decoding=\"async\" style=\"opacity: 0.6; filter: alpha(opacity=80);\" src=\"https:\/\/www.lunadevidri.com\/wp-content\/uploads\/2018\/12\/image001.png\" alt=\"\" width=\"300\" height=\"400\" border=\"1\" \/>\u00a0\u00a0<\/a> <a title=\"\" href=\"https:\/\/www.lunadevidri.com\/wp-content\/uploads\/2018\/12\/image003.png\"><img loading=\"lazy\" decoding=\"async\" class=\"\" style=\"opacity: 0.6; filter: alpha(opacity=80);\" src=\"https:\/\/www.lunadevidri.com\/wp-content\/uploads\/2018\/12\/image003.png\" alt=\"\" width=\"304\" height=\"397\" border=\"1\" \/>\u00a0\u00a0<\/a><\/p>\n<p>&nbsp;<\/p>\n<p>&nbsp;<\/p>\n<h3>Galleria<\/h3>\n\n\t\t<style type=\"text\/css\">\n\t\t\t#gallery-1 {\n\t\t\t\tmargin: auto;\n\t\t\t}\n\t\t\t#gallery-1 .gallery-item {\n\t\t\t\tfloat: left;\n\t\t\t\tmargin-top: 10px;\n\t\t\t\ttext-align: center;\n\t\t\t\twidth: 25%;\n\t\t\t}\n\t\t\t#gallery-1 img {\n\t\t\t\tborder: 2px solid #cfcfcf;\n\t\t\t}\n\t\t\t#gallery-1 .gallery-caption {\n\t\t\t\tmargin-left: 0;\n\t\t\t}\n\t\t\t\/* see gallery_shortcode() in wp-includes\/media.php *\/\n\t\t<\/style>\n\t\t<div id='gallery-1' class='gallery galleryid-37 gallery-columns-4 gallery-size-thumbnail'><dl class='gallery-item'>\n\t\t\t<dt class='gallery-icon portrait'>\n\t\t\t\t<a href='https:\/\/www.lunadevidri.com\/wp-content\/uploads\/2018\/12\/4.jpg'><img loading=\"lazy\" decoding=\"async\" width=\"150\" height=\"150\" src=\"https:\/\/www.lunadevidri.com\/wp-content\/uploads\/2018\/12\/4-150x150.jpg\" class=\"attachment-thumbnail size-thumbnail\" alt=\"\" \/><\/a>\n\t\t\t<\/dt><\/dl><dl class='gallery-item'>\n\t\t\t<dt class='gallery-icon landscape'>\n\t\t\t\t<a href='https:\/\/www.lunadevidri.com\/wp-content\/uploads\/2018\/12\/IMG_1235.jpg'><img loading=\"lazy\" decoding=\"async\" width=\"150\" height=\"150\" src=\"https:\/\/www.lunadevidri.com\/wp-content\/uploads\/2018\/12\/IMG_1235-150x150.jpg\" class=\"attachment-thumbnail size-thumbnail\" alt=\"\" \/><\/a>\n\t\t\t<\/dt><\/dl><dl class='gallery-item'>\n\t\t\t<dt class='gallery-icon landscape'>\n\t\t\t\t<a href='https:\/\/www.lunadevidri.com\/wp-content\/uploads\/2018\/12\/IMG_1281.jpg'><img loading=\"lazy\" decoding=\"async\" width=\"150\" height=\"150\" src=\"https:\/\/www.lunadevidri.com\/wp-content\/uploads\/2018\/12\/IMG_1281-150x150.jpg\" class=\"attachment-thumbnail size-thumbnail\" alt=\"\" \/><\/a>\n\t\t\t<\/dt><\/dl><dl class='gallery-item'>\n\t\t\t<dt class='gallery-icon portrait'>\n\t\t\t\t<a href='https:\/\/www.lunadevidri.com\/wp-content\/uploads\/2018\/12\/IMG_1289.jpg'><img loading=\"lazy\" decoding=\"async\" width=\"150\" height=\"150\" src=\"https:\/\/www.lunadevidri.com\/wp-content\/uploads\/2018\/12\/IMG_1289-150x150.jpg\" class=\"attachment-thumbnail size-thumbnail\" alt=\"\" \/><\/a>\n\t\t\t<\/dt><\/dl><br style=\"clear: both\" \/>\n\t\t<\/div>\n\n<h3>Comunicado de prensa:<\/h3>\n<p>&nbsp;<\/p>\n<p>ALBANY, Calif. \u2013 (Release Date TBD) \u2013 El autor Edel Romay, inspirado en el misterio que encierra tanto el cosmos como el cerebro y la relaci\u00f3n que parece existir entre el macro-cosmos y el micro-cosmos como una realidad interdependiente, presenta su libro\u00a0<strong><em>Una Po\u00e9tica Breve 1989-2004,\u00a0<\/em><\/strong>una colecci\u00f3n de poes\u00eda, prosa y narrativa pict\u00f3rica entrelazadas.<\/p>\n<p><strong><em>Una Po\u00e9tica Breve 1989-2004\u00a0<\/em><\/strong>se basa en reflexiones espont\u00e1neas que surgen al presenciar la coexistencia de lo absurdo en lo que se llama realidad humana y que Romay identifica como &#8220;Realismo Absurdo.&#8221; Los protagonistas del libro somos\u00a0<em>t\u00fa<\/em>\u00a0y\u00a0<em>yo<\/em>\u00a0atrapados en esta realidad humana que de alguna manera cuestionamos hist\u00f3ricamente.<\/p>\n<p align=\"center\"><em>\u201cEn esta nada que somos; somos el TODO de la NADA. Y viceversa.\u201d ~ Reflexi\u00f3n de Edel Romay.<\/em><\/p>\n<p><strong><em>Una Po\u00e9tica Breve 1989-2004<\/em><\/strong>\u00a0es un libro sugestivo y diferente a otros porque Romay,adem\u00e1s de a\u00f1adir la narrativa pict\u00f3rica, ha planteado filos\u00f3ficamente al &#8220;ser&#8221; ubicado en el pasado. El aqu\u00ed y el hoy es un presente transitoriamente ef\u00edmero. En otras palabras, \u201c<em>Yo existo en la memoria<\/em>;\u00a0<em>es decir, yo soy la frontera entre el futuro incierto y el pasado tangible.<\/em>\u00a0<em>Yo recuerdo, luego existo. Yo soy una narrativa por contar contando.\u201d<\/em>, afirma.<\/p>\n<p>En definitiva, la intenci\u00f3n de Romay es provocar al lector a tener un &#8220;Di\u00e1logo Interno&#8221; entre las tres narrativas, adem\u00e1s de aportarle la inquietud de reflexionar sobre la realidad humana.<\/p>\n<p align=\"center\"><em>Para m\u00e1s informaci\u00f3n sobre este libro accedan al enlace\u00a0<a href=\"http:\/\/www.palibrio.com\/\">www.Palibrio.com<\/a><\/em><\/p>\n","protected":false},"excerpt":{"rendered":"<p>&nbsp; Una po\u00e9tica breve 1989-2004 Obra quenos invita a ver la relaci\u00f3n que guarda el Cerebro con el Cosmos, la Palabra con el Ser, la Realidad con el Tiempo. En pocas palabras, nos hace meditar en lo que alguna vez Martin Heidegger estableciera &#8220;El lenguaje es la casa del ser.&#8221; El autor propone la idea de que &#8220;sin observador, la realidad no existe\u201d, as\u00ed como conduce al di\u00e1logo interno del yo con el t\u00fa que se busca a s\u00ed mismo&#8230;..<\/p>\n","protected":false},"author":1,"featured_media":0,"parent":0,"menu_order":0,"comment_status":"closed","ping_status":"closed","template":"page-left-sidebar.php","meta":{"footnotes":""},"class_list":["post-37","page","type-page","status-publish","hentry"],"translation":{"provider":"WPGlobus","version":"3.0.2","language":"es","enabled_languages":["en","es"],"languages":{"en":{"title":true,"content":true,"excerpt":false},"es":{"title":true,"content":true,"excerpt":false}}},"_links":{"self":[{"href":"https:\/\/www.lunadevidri.com\/es\/wp-json\/wp\/v2\/pages\/37","targetHints":{"allow":["GET"]}}],"collection":[{"href":"https:\/\/www.lunadevidri.com\/es\/wp-json\/wp\/v2\/pages"}],"about":[{"href":"https:\/\/www.lunadevidri.com\/es\/wp-json\/wp\/v2\/types\/page"}],"author":[{"embeddable":true,"href":"https:\/\/www.lunadevidri.com\/es\/wp-json\/wp\/v2\/users\/1"}],"replies":[{"embeddable":true,"href":"https:\/\/www.lunadevidri.com\/es\/wp-json\/wp\/v2\/comments?post=37"}],"version-history":[{"count":31,"href":"https:\/\/www.lunadevidri.com\/es\/wp-json\/wp\/v2\/pages\/37\/revisions"}],"predecessor-version":[{"id":228,"href":"https:\/\/www.lunadevidri.com\/es\/wp-json\/wp\/v2\/pages\/37\/revisions\/228"}],"wp:attachment":[{"href":"https:\/\/www.lunadevidri.com\/es\/wp-json\/wp\/v2\/media?parent=37"}],"curies":[{"name":"wp","href":"https:\/\/api.w.org\/{rel}","templated":true}]}}