{"id":6,"date":"2018-11-26T10:35:30","date_gmt":"2018-11-26T10:35:30","guid":{"rendered":"https:\/\/www.lunadevidri.com\/home\/"},"modified":"2018-12-14T14:22:53","modified_gmt":"2018-12-14T14:22:53","slug":"home","status":"publish","type":"page","link":"https:\/\/www.lunadevidri.com\/es\/","title":{"rendered":"LUNA DE VIDRIO SOBRE IM\u00c1GENES DE ARENA"},"content":{"rendered":"\n<div class=\"video-container\"><iframe loading=\"lazy\" src=\"https:\/\/www.youtube.com\/embed\/R-5foVO2z_k\" width=\"560\" height=\"315\" frameborder=\"0\" allowfullscreen=\"allowfullscreen\"><\/iframe><\/div>\n<p><strong><em><u>Luna de vidrio sobre im\u00e1genes de arena<\/u><\/em><\/strong><u> <\/u><\/p>\n<p>Despu\u00e9s de haber gozado una exitosa carrera en el campo de la pedagog\u00eda cr\u00edtica, Edel Romay finalmente puede dedicar toda su atenci\u00f3n a algo que \u00e9l siempre dese\u00f3 hacer: publicar sus manuscritos, que son muchos. Y este manuscrito aqu\u00ed transformado en libro, nos habla de una ficci\u00f3n verdadera de ciertos recuerdos editados. No muy lejos de lo que Mario Vargas Llosa nos dice <em>\u201cLa memoria es el punto de partida de la fantas\u00eda.&#8221; <\/em><\/p>\n<p>As\u00ed pues, la narrativa breve aqu\u00ed reunida nos expone a contemplar el ayer como un sue\u00f1o. Algo as\u00ed; como ese encuentro con la ausencia, que algunos escritores experimentan, cuando se adentran al cosmos de una hoja de papel en blanco, en el actual progresivo mundo digital. Sin embargo, el autor a\u00fan sigue usando el cl\u00e1sico l\u00e1piz y papel en blanco para sus borradores. Indudablemente, ese &#8220;ayer&#8221; que alguna vez fue &#8220;hoy&#8221; est\u00e1 suspendido en los laberintos de la memoria. Despu\u00e9s de todo, esta narrativa se inscribe en la premisa de que &#8220;La realidad solo existe en el lenguaje.&#8221; Porque la realidad de esta obra se manifiesta; s\u00ed t\u00fa, la contin\u00faas leyendo&#8230; \u00a1Ves! Hay m\u00e1s de una lectura que te ofrece.<\/p>\n<p>Albany, CA \u2013 (Release Date TBD) \u2013 Despu\u00e9s de haber gozado de una exitosa carrera en el campo de la pedagog\u00eda cr\u00edtica, el Dr. Edel Romay presenta <strong><em>Luna de Vidrio sobre Im\u00e1genes de Arena. Colecci\u00f3n de Narrativa Breve.<\/em><\/strong><br \/>\nEl autor finalmente puede dedicar toda su atenci\u00f3n a algo que siempre dese\u00f3 hacer: publicar sus manuscritos, que son muchos. Este manuscrito aqu\u00ed transformado en libro, habla de una ficci\u00f3n verdadera de ciertos recuerdos editados. No muy lejos de lo que Mario Vargas Llosa dijo: <em>\u201cLa memoria es el punto de partida de la fantas\u00eda.&#8221; <\/em>As\u00ed pues, la narrativa breve reunida en este libro, expone a los lectores a contemplar el ayer como un sue\u00f1o. Algo as\u00ed como ese encuentro con la ausencia, que algunos escritores experimentan cuando se adentran al cosmos de una hoja de papel en blanco en el actual progresivo mundo digital. Sin embargo, Edel Romay a\u00fan sigue usando el cl\u00e1sico l\u00e1piz y papel para sus borradores.<br \/>\n<strong><em>Luna de Vidrio sobre Im\u00e1genes de Arena. Colecci\u00f3n de Narrativa Breve <\/em><\/strong>es un compendio de emociones, im\u00e1genes, expresiones y sentimientos que el autor ha reunido en este libro \u00fanico para ofrecer una lectura entretenida, adictiva y en ocasiones impactante.<\/p>\n<p>Para m\u00e1s informaci\u00f3n sobre este libro, por favor accedan al enlace <a href=\"http:\/\/www.Palibrio.com\">www.Palibrio.com<\/a><\/p>\n<p>&nbsp;<\/p>\n","protected":false},"excerpt":{"rendered":"<p>Luna de vidrio sobre im\u00e1genes de arena Despu\u00e9s de haber gozado una exitosa carrera en el campo de la pedagog\u00eda cr\u00edtica, Edel Romay finalmente puede dedicar toda su atenci\u00f3n a algo que \u00e9l siempre dese\u00f3 hacer: publicar sus manuscritos, que son muchos. Y este manuscrito aqu\u00ed transformado en libro, nos habla de una ficci\u00f3n verdadera de ciertos recuerdos editados. No muy lejos de lo que Mario Vargas Llosa nos dice \u201cLa memoria es el punto de partida de la fantas\u00eda.&#8221;&#8230;..<\/p>\n","protected":false},"author":1,"featured_media":0,"parent":0,"menu_order":0,"comment_status":"closed","ping_status":"closed","template":"page-left-sidebar.php","meta":{"footnotes":""},"class_list":["post-6","page","type-page","status-publish","hentry"],"translation":{"provider":"WPGlobus","version":"3.0.2","language":"es","enabled_languages":["en","es"],"languages":{"en":{"title":true,"content":true,"excerpt":false},"es":{"title":true,"content":true,"excerpt":false}}},"_links":{"self":[{"href":"https:\/\/www.lunadevidri.com\/es\/wp-json\/wp\/v2\/pages\/6","targetHints":{"allow":["GET"]}}],"collection":[{"href":"https:\/\/www.lunadevidri.com\/es\/wp-json\/wp\/v2\/pages"}],"about":[{"href":"https:\/\/www.lunadevidri.com\/es\/wp-json\/wp\/v2\/types\/page"}],"author":[{"embeddable":true,"href":"https:\/\/www.lunadevidri.com\/es\/wp-json\/wp\/v2\/users\/1"}],"replies":[{"embeddable":true,"href":"https:\/\/www.lunadevidri.com\/es\/wp-json\/wp\/v2\/comments?post=6"}],"version-history":[{"count":15,"href":"https:\/\/www.lunadevidri.com\/es\/wp-json\/wp\/v2\/pages\/6\/revisions"}],"predecessor-version":[{"id":202,"href":"https:\/\/www.lunadevidri.com\/es\/wp-json\/wp\/v2\/pages\/6\/revisions\/202"}],"wp:attachment":[{"href":"https:\/\/www.lunadevidri.com\/es\/wp-json\/wp\/v2\/media?parent=6"}],"curies":[{"name":"wp","href":"https:\/\/api.w.org\/{rel}","templated":true}]}}