{"id":9,"date":"2018-11-26T10:35:31","date_gmt":"2018-11-26T10:35:31","guid":{"rendered":"https:\/\/www.lunadevidri.com\/author\/"},"modified":"2020-10-24T05:04:32","modified_gmt":"2020-10-24T05:04:32","slug":"author","status":"publish","type":"page","link":"https:\/\/www.lunadevidri.com\/es\/author\/","title":{"rendered":"Sobre el Autor"},"content":{"rendered":"\n<p><u><strong>SOBRE EL AUTOR<\/strong><\/u><\/p>\n<p><img loading=\"lazy\" decoding=\"async\" class=\"size-full wp-image-33 alignleft\" src=\"https:\/\/www.lunadevidri.com\/wp-content\/uploads\/2018\/11\/author3.png\" alt=\"\" width=\"250\" height=\"188\" data-id=\"33\" \/><\/p>\n<p><span title=\"His love for good literature bloomed due perhaps in great measure, to the library of his ancestors that seduced him into that pleasant pastime.\">Edel Romay naci\u00f3 en <a href=\"https:\/\/en.wikipedia.org\/wiki\/San_Andr\u00e9s_Tuxtla\" target=\"_blank\" rel=\"noopener noreferrer\">San Andr\u00e9s Tuxtla, Veracruz, M\u00e9xico<\/a>, un primero de mayo de 1939. Desde muy peque\u00f1o demostr\u00f3 una gran inclinaci\u00f3n por el dibujo y la narrativa. No hab\u00eda paredes en su casa que escaparan a sus dise\u00f1os, ni papel en blanco en el que no escribiera poes\u00eda o breves composiciones. Igualmente, tambi\u00e9n afloraba esa tendencia por la buena lectura; quiz\u00e1 la culpa la tuvo, en gran medida, la biblioteca de sus antepasados que lo sedujo a tan dichosa pr\u00e1ctica.<\/span><\/p>\n<p>La escuela primaria, bajo la acertada direcci\u00f3n del profesor <a href=\"http:\/\/www.jornada.unam.mx\/2016\/06\/05\/cultura\/a03a1cul\" target=\"_blank\" rel=\"noopener noreferrer\">Patricio Redondo Moreno<\/a>, exiliado espa\u00f1ol republicano, lo expuso a la t\u00e9cnica de ense\u00f1anza de <a href=\"https:\/\/es.wikipedia.org\/wiki\/C\u00e9lestin_Freinet\" target=\"_blank\" rel=\"noopener noreferrer\">C\u00e9lestin Freinet<\/a>. Esta pedagog\u00eda apoya la idea de &#8220;la imprenta en la escuela&#8221; la cual gu\u00eda la espontaneidad y libre expresi\u00f3n en los ni\u00f1os. Es decir, los ni\u00f1os dise\u00f1an y crean sus propios libros usando las casi mismas herramientas de una imprenta &#8220;real.&#8221; Obviamente, <em>La Escuela Freinet<\/em> tuvo un impacto definitivo en la sensibilidad art\u00edstica de Edel.<\/p>\n<p><img loading=\"lazy\" decoding=\"async\" class=\"size-medium wp-image-34 alignright\" src=\"https:\/\/www.lunadevidri.com\/wp-content\/uploads\/2018\/11\/tree2-300x254.jpg\" alt=\"\" width=\"300\" height=\"254\" \/>En la <a href=\"https:\/\/es.wikipedia.org\/wiki\/Xalapa-Enr%C3%ADquez\">ciudad de Xalapa<\/a>, conocida como La Atenas Veracruzana, Romay eligi\u00f3 dedicarse al magisterio y estudi\u00f3 en la <a href=\"https:\/\/es.wikipedia.org\/wiki\/Enrique_C._R%C3%A9bsamen\">escuela normal Enr\u00edquez C. Rebsamen<\/a>. Adem\u00e1s, continu\u00f3 sus estudios en la <a href=\"https:\/\/es.wikipedia.org\/wiki\/Universidad_Veracruzana\">Universidad Veracruzana<\/a> donde se interes\u00f3 por la arquitectura, el arte, la filosof\u00eda y las matem\u00e1ticas. Su esp\u00edritu inquieto acompa\u00f1ado de una inteligencia \u00e1vida y de un car\u00e1cter deseoso por experimentar y estudiar nuevas ideas, lo condujeron a vincularse con personalidades de fina sensibilidad art\u00edstica e intelectual.<\/p>\n<p>En la Facultad de Arquitectura mantuvo un estrecho contacto con el arquitecto <a href=\"http:\/\/www.legacy.com\/obituaries\/sfgate\/obituary.aspx?pid=166588470\">Irwin Luckman<\/a>, catedr\u00e1tico invitado de los Estados Unidos quien aseguraba que &#8220;la arquitectura deber\u00eda ser un espacio intencional org\u00e1nicamente funcional.&#8221; Edel pensaba lo mismo. M\u00e1s tarde en los Estados Unidos continuaron esa afable amistad que culmin\u00f3 en que el arquitecto Luckman fuera su padrino de bodas, y adem\u00e1s el que lo asesorara para ingresar a <em>The School of Environmental Design <\/em>en la <a href=\"http:\/\/berkeley.edu\/\">Universidad de California en Berkeley<\/a>.<\/p>\n<p>Mientras tanto en Xalapa, Romay busca la oportunidad de alternar con \u00a0escritores de una profunda imaginaci\u00f3n y sutil narrativa como lo fuera <a href=\"https:\/\/es.wikipedia.org\/wiki\/Sergio_Galindo\">Sergio Galindo<\/a>, entonces, Director del Departamento Editorial de la Universidad Veracruzana y de la revista \u00a0<a href=\"https:\/\/lapalabrayelhombre.uv.mx\/index.php\/palabrahombre\">La Palabra y el Hombre<\/a>. A s\u00ed mismo con el dramaturgo \u00a0<a href=\"https:\/\/es.wikipedia.org\/wiki\/Emilio_Carballido\">Emilio Carballido<\/a> quien fuera catedr\u00e1tico en la Facultad de Filosof\u00eda y Letras. Adem\u00e1s, Edel pudo interactuar con el pintor \u00a0<a href=\"https:\/\/es.wikipedia.org\/wiki\/Mario_Orozco_Rivera\" target=\"_blank\" rel=\"noopener noreferrer\">Mario Orozco Rivera<\/a> que se encontraba dise\u00f1ando los murales del Palacio de Gobierno. Igualmente se conect\u00f3 con la aguda sensibilidad art\u00edstica e intelectual del Director de teatro <a href=\"http:\/\/av.celarg.org.ve\/JorgeGodoy\/CronologiaJorgeGodoy\">Jorge Godoy<\/a> quien dirig\u00eda <em>Hamlet <\/em>en el escenario del puente <em>Xallitic<\/em>. M\u00e1s tarde, en la ciudad de M\u00e9xico, Godoy lo invit\u00f3 a quedarse en su casa cuando Edel iba rumbo a los Estados Unidos de Am\u00e9rica.<\/p>\n<p>En 1965 contrae matrimonio con Leni Schlesinger estudiante de medicina de la Universidad de California. En 1966 nace su adorado hijo Ilya y establece su residencia en Berkeley. Siendo estudiante de la Universidad de California, entre 1968 y 1969, Edel participa activamente como l\u00edder en la Huelga del Tercer Mundo (<a href=\"https:\/\/en.wikipedia.org\/wiki\/Third_World_Liberation_Front_strikes_of_1968\">Third World Strike<\/a>). Este movimiento estudiantil mayormente propon\u00eda una tercera opci\u00f3n entre el Mundo Capitalista y el Mundo Comunista, que en aquel entonces se disputaban la hegemon\u00eda del mundo. La humanidad sufr\u00eda los efectos de la Guerra Fr\u00eda (Cold War). Y los j\u00f3venes de los sesenta viv\u00edan angustiados por la eminente posibilidad de una guerra termonuclear entre dichas potencias. Sin embargo, pasado el tiempo el poder jer\u00e1rquico asoci\u00f3 al Tercer Mundo con los \u00a0marginados, incluyendo individuos, pa\u00edses y continentes. No obstante, Romay, hasta ahora, se ha mantenido sumamente cr\u00edtico a esta trivializaci\u00f3n cuando argumenta: \u201cEn 1991 cae el comunismo y la Uni\u00f3n Sovi\u00e9tica se desintegra. A\u00f1os m\u00e1s tarde, aproximadamente en el 2007, el capitalismo sufre una ruptura coyuntural severa, provocando un tsunami econ\u00f3mico global alarmante. En retrospectiva podr\u00edan\u00a0 ser ustedes testigos de la clarividencia de algunos j\u00f3venes del &#8217;68,\u00a0 cuando el concepto de \u201cTercer Mundo\u201d prof\u00e9ticamente lo propusieron\u201d.<\/p>\n<p>En 1970 Romay contrae matrimonio con la psic\u00f3loga argentina Marta Gloria Calvet, consejera e instructora de <em>Diablo Valley College<\/em>. Entre 1972 y 1974 contribuye en <em><a href=\"https:\/\/en.wikipedia.org\/wiki\/Quinto_Sol\" target=\"_blank\" rel=\"noopener noreferrer\">El Grito: A Journal of Contemporary Mexican-American Thought<\/a><\/em>, como dise\u00f1ador gr\u00e1fico y asesor. Tambi\u00e9n dise\u00f1\u00f3 y ejecut\u00f3 la producci\u00f3n de un mural en la Universidad de Campesinos Libres en Fresno California. Luego, en compa\u00f1\u00eda del pintor chicano <a href=\"http:\/\/www.malaquiasmontoya.com\/\">Malaqu\u00edas Montoya<\/a> realizaron un mural en el Centro de Servicios Legales de San Jos\u00e9, California. En 1975 Romay y el Dr. Herminio R\u00edos crean una casa de publicaciones llamada <em>Justa Publications Inc<\/em>., en Berkeley, California, la que se dedic\u00f3 a promover obras de autores Chicanos desconocidos <em>in the intelectual mainstream <\/em>de los EE.UU.<\/p>\n<p>En 1976, ingresa a trabajar en el \u00a0<a href=\"http:\/\/www.ousd.org\/\">Distrito Escolar Unificado de Oakland<\/a>,\u00a0 demostrando desde un principio ser un pedagogo comprometido con la Educaci\u00f3n Biling\u00fce de Calidad. Y un genuino amante en <em>praxis <\/em>de la Pedagog\u00eda Cr\u00edtica.<\/p>\n<p>En 1988 contrae matrimonio con la licenciada peruana <a href=\"http:\/\/iastp.berkeley.edu\/people\/staff\/\">Ana Martin Guibert<\/a>, consejera <em>of International and Area Studies Academic Programs <\/em>en la Universidad de California en Berkeley. Entre 1990 y 1991, Romay trabaja como cient\u00edfico asociado en \u00a0<a href=\"https:\/\/www.llnl.gov\/\">Lawrence Livermore National <\/a><a href=\"https:\/\/www.llnl.gov\/\">Laboratory de la Universidad de California<\/a>, desarrollando materiales curriculares para el proyecto Efecto Invernadero y Cambio Clim\u00e1tico Global. La meta del proyecto era concientizar a los j\u00f3venes del peligro del di\u00f3xido de carbono (CO2) y de otros gases contaminantes. Y alertarlos sobre la amenazante depredaci\u00f3n del planeta. Actualmente no s\u00f3lo el humano, sino tambi\u00e9n la fauna y la flora son v\u00edctimas del brusco cambio climatol\u00f3gico.<\/p>\n<p>En el 2003, el Dr. Edel Romay particip\u00f3 como maestro l\u00edder en el Instituto de Literatura en Espa\u00f1ol que ofrece <a href=\"https:\/\/csmp.ucop.edu\/crlp\">The Literature Project of California<\/a><em>, <\/em>el cual ofrece un programa que entrelaza la literatura con la Pedagog\u00eda Cr\u00edtica, dise\u00f1ado para crear una comunidad de l\u00edderes en California que ayuden a enfrentar el reto de educar una poblaci\u00f3n estudiantil, ling\u00fc\u00edstica y \u00e9tnicamente diversa.<\/p>\n<p>Jubilado del magisterio desde el 2003, Edel se dedica por completo a las artes y la literatura \u2014sus amantes amigas\u2014 que le apasionan.<\/p>\n<p><strong><em>\u00a0<\/em><\/strong><\/p>\n<div class=\"video-container\"><iframe loading=\"lazy\" src=\"https:\/\/www.youtube.com\/embed\/btGyWgSoVGo\" width=\"560\" height=\"315\" frameborder=\"0\" allowfullscreen=\"allowfullscreen\"><\/iframe><\/div>\n","protected":false},"excerpt":{"rendered":"<p>SOBRE EL AUTOR Edel Romay naci\u00f3 en San Andr\u00e9s Tuxtla, Veracruz, M\u00e9xico, un primero de mayo de 1939. Desde muy peque\u00f1o demostr\u00f3 una gran inclinaci\u00f3n por el dibujo y la narrativa. No hab\u00eda paredes en su casa que escaparan a sus dise\u00f1os, ni papel en blanco en el que no escribiera poes\u00eda o breves composiciones. Igualmente, tambi\u00e9n afloraba esa tendencia por la buena lectura; quiz\u00e1 la culpa la tuvo, en gran medida, la biblioteca de sus antepasados que lo sedujo&#8230;..<\/p>\n","protected":false},"author":1,"featured_media":0,"parent":0,"menu_order":1,"comment_status":"closed","ping_status":"closed","template":"page-left-sidebar.php","meta":{"footnotes":""},"class_list":["post-9","page","type-page","status-publish","hentry"],"translation":{"provider":"WPGlobus","version":"3.0.2","language":"es","enabled_languages":["en","es"],"languages":{"en":{"title":true,"content":true,"excerpt":false},"es":{"title":true,"content":true,"excerpt":false}}},"_links":{"self":[{"href":"https:\/\/www.lunadevidri.com\/es\/wp-json\/wp\/v2\/pages\/9","targetHints":{"allow":["GET"]}}],"collection":[{"href":"https:\/\/www.lunadevidri.com\/es\/wp-json\/wp\/v2\/pages"}],"about":[{"href":"https:\/\/www.lunadevidri.com\/es\/wp-json\/wp\/v2\/types\/page"}],"author":[{"embeddable":true,"href":"https:\/\/www.lunadevidri.com\/es\/wp-json\/wp\/v2\/users\/1"}],"replies":[{"embeddable":true,"href":"https:\/\/www.lunadevidri.com\/es\/wp-json\/wp\/v2\/comments?post=9"}],"version-history":[{"count":24,"href":"https:\/\/www.lunadevidri.com\/es\/wp-json\/wp\/v2\/pages\/9\/revisions"}],"predecessor-version":[{"id":447,"href":"https:\/\/www.lunadevidri.com\/es\/wp-json\/wp\/v2\/pages\/9\/revisions\/447"}],"wp:attachment":[{"href":"https:\/\/www.lunadevidri.com\/es\/wp-json\/wp\/v2\/media?parent=9"}],"curies":[{"name":"wp","href":"https:\/\/api.w.org\/{rel}","templated":true}]}}